{"id":13,"date":"2013-01-05T11:12:04","date_gmt":"2013-01-05T09:12:04","guid":{"rendered":"http:\/\/www.reisepartner-rentner.com\/?page_id=13"},"modified":"2015-02-11T12:11:02","modified_gmt":"2015-02-11T10:11:02","slug":"partner-fuer-die-freizeit","status":"publish","type":"page","link":"https:\/\/www.reisepartner-rentner.com\/?page_id=13","title":{"rendered":"Partner f\u00fcr die Freizeit"},"content":{"rendered":"<p>Die Freizeit wieder gemeinsam gestalten, keine Spazierg\u00e4nge, Theater- oder Veranstaltungsbesuche mehr allein. Die Zeit mit einem lieben Menschen an der Seite wieder genie\u00dfen k\u00f6nnen, abgelenkt sein und die Einsamkeit endlich vergessen machen. Wieder Gespr\u00e4che am Abend bei einem Gl\u00e4schen Wein f\u00fchren und nicht mehr alleine sein&#8230;<\/p>\n<p>Das w\u00fcnschen sich fast alle einsame Herzen, die nach der Trennung des Partner oder nach einen Schicksalschlag allein sind. Doch alleine muss keiner sein. Immer wieder h\u00f6rt man davon, dass die Menschen ein schlechtes Gewissen gegen\u00fcber dem verstorbenen Partner haben. Doch h\u00e4tte dieser wirklich gewollt, dass sie sich v\u00f6llig allein mit der Situtation und der Einsamkeit herumqu\u00e4len? Ganz sicher nicht.<\/p>\n<p>Machen Sie sich wieder frei, unternehmen Sie etwas, gehen Sie wieder auf andere Leute zu und verabreden sich. F\u00e4llt Ihnen dies jedoch schwer, dann k\u00f6nnen Sie von <a href=\"http:\/\/www.partnervermittlung-amatis.com\/\">spezialisierten Agenturen<\/a> Hilfe annehmen. Suchen Sie nach <a href=\"http:\/\/www.partnervermittlung-anna.com\/\">Vermittlungsagenturen in Ihrer N\u00e4he<\/a>, die Ihnen pers\u00f6nlich bei der Suche helfen und Sie \u00fcber einen gewissen Zeitraum auch betreuen.<\/p>\n<div id=\"attachment_96\" style=\"width: 635px\" class=\"wp-caption alignnone\"><img aria-describedby=\"caption-attachment-96\" loading=\"lazy\" class=\"wp-image-96 size-large\" src=\"http:\/\/www.reisepartner-rentner.com\/wp-content\/uploads\/2013\/01\/freizeitpartner-reisepartner-freizeitgesstaltung-senioren-1024x373.jpg\" alt=\"freizeitpartner reisepartner freizeitgesstaltung senioren\" width=\"625\" height=\"227\" srcset=\"https:\/\/www.reisepartner-rentner.com\/wp-content\/uploads\/2013\/01\/freizeitpartner-reisepartner-freizeitgesstaltung-senioren-1024x373.jpg 1024w, https:\/\/www.reisepartner-rentner.com\/wp-content\/uploads\/2013\/01\/freizeitpartner-reisepartner-freizeitgesstaltung-senioren-300x109.jpg 300w, https:\/\/www.reisepartner-rentner.com\/wp-content\/uploads\/2013\/01\/freizeitpartner-reisepartner-freizeitgesstaltung-senioren-624x227.jpg 624w, https:\/\/www.reisepartner-rentner.com\/wp-content\/uploads\/2013\/01\/freizeitpartner-reisepartner-freizeitgesstaltung-senioren.jpg 1254w\" sizes=\"(max-width: 625px) 100vw, 625px\" \/><p id=\"caption-attachment-96\" class=\"wp-caption-text\">Egal, wie Sie Ihre Freizeit gestalten m\u00f6chten &#8211; es gibt viele Menschen mit den selben Interessen.<\/p><\/div>\n<p>&nbsp;<\/p>\n","protected":false},"excerpt":{"rendered":"<p>Die Freizeit wieder gemeinsam gestalten, keine Spazierg\u00e4nge, Theater- oder Veranstaltungsbesuche mehr allein. Die Zeit mit einem lieben Menschen an der Seite wieder genie\u00dfen k\u00f6nnen, abgelenkt sein und die Einsamkeit endlich vergessen machen. Wieder Gespr\u00e4che am Abend bei einem Gl\u00e4schen Wein f\u00fchren und nicht mehr alleine sein&#8230; Das w\u00fcnschen sich fast alle einsame Herzen, die nach [&hellip;]<\/p>\n","protected":false},"author":2,"featured_media":0,"parent":0,"menu_order":0,"comment_status":"closed","ping_status":"closed","template":"","meta":[],"_links":{"self":[{"href":"https:\/\/www.reisepartner-rentner.com\/index.php?rest_route=\/wp\/v2\/pages\/13"}],"collection":[{"href":"https:\/\/www.reisepartner-rentner.com\/index.php?rest_route=\/wp\/v2\/pages"}],"about":[{"href":"https:\/\/www.reisepartner-rentner.com\/index.php?rest_route=\/wp\/v2\/types\/page"}],"author":[{"embeddable":true,"href":"https:\/\/www.reisepartner-rentner.com\/index.php?rest_route=\/wp\/v2\/users\/2"}],"replies":[{"embeddable":true,"href":"https:\/\/www.reisepartner-rentner.com\/index.php?rest_route=%2Fwp%2Fv2%2Fcomments&post=13"}],"version-history":[{"count":5,"href":"https:\/\/www.reisepartner-rentner.com\/index.php?rest_route=\/wp\/v2\/pages\/13\/revisions"}],"predecessor-version":[{"id":100,"href":"https:\/\/www.reisepartner-rentner.com\/index.php?rest_route=\/wp\/v2\/pages\/13\/revisions\/100"}],"wp:attachment":[{"href":"https:\/\/www.reisepartner-rentner.com\/index.php?rest_route=%2Fwp%2Fv2%2Fmedia&parent=13"}],"curies":[{"name":"wp","href":"https:\/\/api.w.org\/{rel}","templated":true}]}}