{"id":15,"date":"2013-01-05T10:12:34","date_gmt":"2013-01-05T08:12:34","guid":{"rendered":"http:\/\/www.reisepartner-rentner.com\/?page_id=15"},"modified":"2015-02-11T11:30:30","modified_gmt":"2015-02-11T09:30:30","slug":"reisepartner","status":"publish","type":"page","link":"https:\/\/www.reisepartner-rentner.com\/?page_id=15","title":{"rendered":"Reisepartner gesucht"},"content":{"rendered":"<p>Kurzausflug oder Urlaubsreise zu zweit gef\u00e4llig?<\/p>\n<p>Sie suchen einen Mitreisenden? Nutzen Sie die unz\u00e4hligen M\u00f6glichkeiten und vergessen Sie das Reisen allein. Nach vielen Erfahrungen sind solche Single-Reisen der reinste Horror. Man findet dabei wenig Mitreisende, die ohne Partner unterwegs sind. In Gruppen von vielen Paaren f\u00fchlt man sich schnell wie das 5. Rad am Wagen. Viele Gespr\u00e4che kann man dort nicht unbedingt f\u00fchren. Bei den Ausfl\u00fcgen steht man meist auch etwas abseits und hat wenig Vergn\u00fcgen.<\/p>\n<p><img loading=\"lazy\" class=\"alignnone size-large wp-image-89\" src=\"http:\/\/www.reisepartner-rentner.com\/wp-content\/uploads\/2013\/01\/person-517989_1280-1024x494.jpg\" alt=\"reisepartner freizeitgestaltung freizeitpartner senioren\" width=\"625\" height=\"301\" srcset=\"https:\/\/www.reisepartner-rentner.com\/wp-content\/uploads\/2013\/01\/person-517989_1280-1024x494.jpg 1024w, https:\/\/www.reisepartner-rentner.com\/wp-content\/uploads\/2013\/01\/person-517989_1280-300x144.jpg 300w, https:\/\/www.reisepartner-rentner.com\/wp-content\/uploads\/2013\/01\/person-517989_1280-624x301.jpg 624w, https:\/\/www.reisepartner-rentner.com\/wp-content\/uploads\/2013\/01\/person-517989_1280.jpg 1280w\" sizes=\"(max-width: 625px) 100vw, 625px\" \/><\/p>\n<p>Doch es ist gar nicht so schwer, einen Reisepartner zu finden.<\/p>\n<p><strong>M\u00f6glichkeit 1:<\/strong><\/p>\n<p>Internet-B\u00f6rsen &#8211; Das Angebot ist riesig. Man sollte aber vorsichtig sein, worauf man sich dort einl\u00e4sst. Man kennt den Gegen\u00fcber nicht genau. Zudem kann man in Erfahrungsberichten lese, dass es nicht immer einfach ist, den passenden Partner f\u00fcr eine Reise oder f\u00fcr gemeinsame Unternehmungen zu finden.<\/p>\n<p><strong>Moglichkeit 2: <\/strong><\/p>\n<p><a href=\"http:\/\/www.senioren-freizeitkontakte.com\/?cat=2\">Vermittlungsagenturen &#8211; altbacken, nicht mehr auf dem neuesten Stand, unmodern, altmodisch&#8230;<\/a><\/p>\n<p>So hei\u00dft es zumindest. Doch das ist nicht richtig. In Hinsicht auf die Suche nach dem passenden Gegenst\u00fcck wird der Suchende hierbei pers\u00f6nlich unterst\u00fctzt und betreut. Die Auswahl ist zwar nicht so gro\u00df wie im Internet, doch man findet Klasse statt Masse. Denn die Mitarbeiter der Agentur kennen beide Seiten. Daher kann man sich sicher sein, dass man nicht irgendjemanden vermittelt bekommt, sondern jemanden, der auch den eigenen Vorstellung entspricht.<\/p>\n<p><strong>M\u00f6glichkeit 3:<\/strong><\/p>\n<p>Anzeige in der Zeitung &#8211; Sie k\u00f6nnen auch selbst eine Anzeige in einer Zeitung aufgeben. Wer sich jedoch dann bei Ihnen meldet, muss auch nicht unbedingt Ihren Vorstellungen entsprechen. Die werden sich dabei auch mit Menschen treffen, die v\u00f6llig andere Interessen haben und Eigenschaften, die Ihnen nciht gefallen. Dennoch gibt es dabei auch positive Erfahrungen.<\/p>\n<p>Welchen Weg Sie gehen, h\u00e4ngt von Ihnen ab. Viele Wege f\u00fchren nach Rom. Welcher f\u00fcr Sie jedoch der Beste ist, entscheiden Sie.<\/p>\n<p>&nbsp;<\/p>\n<h1><span style=\"color: #3366ff;\"><strong>Lust auf einen kleinen Ausflug? Eine kleine gemeinsame Reise?<\/strong><\/span><\/h1>\n<p>Wie oft hat man das Gef\u00fchl &#8222;Einfach mal weg.&#8220;. Doch wenn man alleine ist und keinen Partner mehr hat, ist auch dieser Schritt nicht einfach. Einige verreisen dennoch alleine, machen verschiedenen Single-Reisen mit, versuchen Freunde oder Bekannte zur gemeinsamen Reise zu \u00fcberreden oder der Gro\u00dfteil bleibt einfach zu Hause allein.<\/p>\n<p><img loading=\"lazy\" class=\"aligncenter wp-image-92 size-medium\" src=\"http:\/\/www.reisepartner-rentner.com\/wp-content\/uploads\/2013\/01\/beach-89160_1280-300x198.jpg\" alt=\"gemeinsam reisen freizeitgestaltung senioren freizeitpartner\" width=\"300\" height=\"198\" srcset=\"https:\/\/www.reisepartner-rentner.com\/wp-content\/uploads\/2013\/01\/beach-89160_1280-300x198.jpg 300w, https:\/\/www.reisepartner-rentner.com\/wp-content\/uploads\/2013\/01\/beach-89160_1280-1024x677.jpg 1024w, https:\/\/www.reisepartner-rentner.com\/wp-content\/uploads\/2013\/01\/beach-89160_1280-624x412.jpg 624w, https:\/\/www.reisepartner-rentner.com\/wp-content\/uploads\/2013\/01\/beach-89160_1280.jpg 1280w\" sizes=\"(max-width: 300px) 100vw, 300px\" \/><\/p>\n<p>Doch ein wenig Erholung mit einem passenden Partner am Meer, Wandern im Schwarzwald, Ausflug zu interessanten Sehensw\u00fcrdigkeiten&#8230;oder etwas Neues entdecken, was Sie noch nicht kennen, jedoch Ihr neue Reisebekanntschaft?<\/p>\n<p>Doch wie k\u00f6nnen Sie jemanden suchen, der mit Ihnen gemeinsam verreist, etwas unternimmt und die Freizeit mit Ihnen gestaltet? Ganz einfach, suchen Sie nicht, sondern<strong> lassen Sie sich finden<\/strong>! <a href=\"http:\/\/www.senioren-freizeitkontakte.com\/\">Nutzen Sie die Hilfe eines Vermittlungsinstituts f\u00fcr Reise- und Freizeitpartner<\/a>. Geben Sie dort an, wie Sie sind, was Sie f\u00fcr Interessen haben und was Sie von Ihrem neuen Reisepartner erwarten. Das Institut wird dann auf der Grundlage Ihrer Daten vermitteln, das hei\u00dft, Sie bekommen entsprechende Vorstellungen und werden so gefunden.<\/p>\n<div id=\"attachment_94\" style=\"width: 310px\" class=\"wp-caption aligncenter\"><img aria-describedby=\"caption-attachment-94\" loading=\"lazy\" class=\"wp-image-94 size-medium\" src=\"http:\/\/www.reisepartner-rentner.com\/wp-content\/uploads\/2013\/01\/pyramids-485320_1280-300x199.jpg\" alt=\"partner f\u00fcr Reise und freizeit senioren single\" width=\"300\" height=\"199\" srcset=\"https:\/\/www.reisepartner-rentner.com\/wp-content\/uploads\/2013\/01\/pyramids-485320_1280-300x199.jpg 300w, https:\/\/www.reisepartner-rentner.com\/wp-content\/uploads\/2013\/01\/pyramids-485320_1280-1024x680.jpg 1024w, https:\/\/www.reisepartner-rentner.com\/wp-content\/uploads\/2013\/01\/pyramids-485320_1280-624x414.jpg 624w, https:\/\/www.reisepartner-rentner.com\/wp-content\/uploads\/2013\/01\/pyramids-485320_1280.jpg 1280w\" sizes=\"(max-width: 300px) 100vw, 300px\" \/><p id=\"caption-attachment-94\" class=\"wp-caption-text\">Egal welches Ziel &#8211; mit dem passenden Reisepartner kein Problem.<\/p><\/div>\n","protected":false},"excerpt":{"rendered":"<p>Kurzausflug oder Urlaubsreise zu zweit gef\u00e4llig? Sie suchen einen Mitreisenden? Nutzen Sie die unz\u00e4hligen M\u00f6glichkeiten und vergessen Sie das Reisen allein. Nach vielen Erfahrungen sind solche Single-Reisen der reinste Horror. Man findet dabei wenig Mitreisende, die ohne Partner unterwegs sind. In Gruppen von vielen Paaren f\u00fchlt man sich schnell wie das 5. Rad am Wagen. [&hellip;]<\/p>\n","protected":false},"author":2,"featured_media":0,"parent":0,"menu_order":0,"comment_status":"closed","ping_status":"closed","template":"","meta":[],"_links":{"self":[{"href":"https:\/\/www.reisepartner-rentner.com\/index.php?rest_route=\/wp\/v2\/pages\/15"}],"collection":[{"href":"https:\/\/www.reisepartner-rentner.com\/index.php?rest_route=\/wp\/v2\/pages"}],"about":[{"href":"https:\/\/www.reisepartner-rentner.com\/index.php?rest_route=\/wp\/v2\/types\/page"}],"author":[{"embeddable":true,"href":"https:\/\/www.reisepartner-rentner.com\/index.php?rest_route=\/wp\/v2\/users\/2"}],"replies":[{"embeddable":true,"href":"https:\/\/www.reisepartner-rentner.com\/index.php?rest_route=%2Fwp%2Fv2%2Fcomments&post=15"}],"version-history":[{"count":7,"href":"https:\/\/www.reisepartner-rentner.com\/index.php?rest_route=\/wp\/v2\/pages\/15\/revisions"}],"predecessor-version":[{"id":95,"href":"https:\/\/www.reisepartner-rentner.com\/index.php?rest_route=\/wp\/v2\/pages\/15\/revisions\/95"}],"wp:attachment":[{"href":"https:\/\/www.reisepartner-rentner.com\/index.php?rest_route=%2Fwp%2Fv2%2Fmedia&parent=15"}],"curies":[{"name":"wp","href":"https:\/\/api.w.org\/{rel}","templated":true}]}}